{"id":50,"date":"2017-08-24T19:10:14","date_gmt":"2017-08-24T17:10:14","guid":{"rendered":"http:\/\/seneve-rh.fr\/?page_id=50"},"modified":"2025-04-10T09:50:51","modified_gmt":"2025-04-10T07:50:51","slug":"accueil","status":"publish","type":"page","link":"https:\/\/seneve-rh.fr\/","title":{"rendered":"S\u00e9nev\u00e9 RH &#8211; Services en Ressources Humaines"},"content":{"rendered":"<p style=\"text-align: center;\"><span style=\"color: #ff6600;\"><span style=\"color: #808080;\">Implant\u00e9 \u00e0 Paris et \u00e0 Saint-Brieuc, <\/span>S<\/span><span style=\"color: #993300;\">\u00e9nev\u00e9 <\/span><strong><span style=\"color: #ff6600;\">RH<\/span><\/strong> est un cabinet de conseil en Ressources Humaines.<\/p>\n<p style=\"text-align: center;\">Ses domaines d&#8217;expertise sont :<\/p>\n<p style=\"text-align: center;\"><strong><span style=\"text-align: center; font-size: 1rem;\">le recrutement<\/span><\/strong><\/p>\n<p style=\"text-align: center;\">et<\/p>\n<p style=\"text-align: center;\"><strong><span style=\"text-align: center; font-size: 1rem;\">le management<\/span><\/strong><\/p>\n<p style=\"text-align: center;\"><img class=\"aligncenter\" src=\"http:\/\/seneve-rh.fr\/wp-content\/uploads\/2017\/08\/champ-de-moutarde-bis-1.jpg\" \/><\/p>\n<p style=\"text-align: center;\"><em>Le grain de <strong>S\u00e9nev\u00e9<\/strong>, ou de moutarde, est une toute petite graine, l&#8217;une des plus petites, et pourtant elle donne l&#8217;une des plus grandes plantes potag\u00e8res. A peine visible sur un doigt, elle pourra s&#8217;\u00e9lever jusqu&#8217;\u00e0 plus de 3 m\u00e8tres ! Voil\u00e0 une source d&#8217;inspiration pour un cabinet dont l&#8217;ambition est d&#8217;aider les femmes et les hommes \u00e0 se d\u00e9velopper et \u00e0 grandir.<\/em><\/p>\n<p style=\"text-align: center;\">\n<p><a href=\"http:\/\/seneve-rh.fr\/index.php\/mentions-legales\/\">Mentions l\u00e9gales<\/a><\/p>\n","protected":false},"excerpt":{"rendered":"<p>Implant\u00e9 \u00e0 Paris et \u00e0 Saint-Brieuc, S\u00e9nev\u00e9 RH est un cabinet de conseil en Ressources Humaines. Ses domaines d&#8217;expertise sont : le recrutement et le &hellip;<\/p>\n","protected":false},"author":1,"featured_media":0,"parent":0,"menu_order":0,"comment_status":"closed","ping_status":"closed","template":"","meta":[],"_links":{"self":[{"href":"https:\/\/seneve-rh.fr\/index.php\/wp-json\/wp\/v2\/pages\/50"}],"collection":[{"href":"https:\/\/seneve-rh.fr\/index.php\/wp-json\/wp\/v2\/pages"}],"about":[{"href":"https:\/\/seneve-rh.fr\/index.php\/wp-json\/wp\/v2\/types\/page"}],"author":[{"embeddable":true,"href":"https:\/\/seneve-rh.fr\/index.php\/wp-json\/wp\/v2\/users\/1"}],"replies":[{"embeddable":true,"href":"https:\/\/seneve-rh.fr\/index.php\/wp-json\/wp\/v2\/comments?post=50"}],"version-history":[{"count":34,"href":"https:\/\/seneve-rh.fr\/index.php\/wp-json\/wp\/v2\/pages\/50\/revisions"}],"predecessor-version":[{"id":530,"href":"https:\/\/seneve-rh.fr\/index.php\/wp-json\/wp\/v2\/pages\/50\/revisions\/530"}],"wp:attachment":[{"href":"https:\/\/seneve-rh.fr\/index.php\/wp-json\/wp\/v2\/media?parent=50"}],"curies":[{"name":"wp","href":"https:\/\/api.w.org\/{rel}","templated":true}]}}