{"id":252,"date":"2017-08-30T10:14:03","date_gmt":"2017-08-30T08:14:03","guid":{"rendered":"http:\/\/seneve-rh.fr\/?page_id=252"},"modified":"2017-09-04T15:09:21","modified_gmt":"2017-09-04T13:09:21","slug":"mentions-legales","status":"publish","type":"page","link":"https:\/\/seneve-rh.fr\/index.php\/mentions-legales\/","title":{"rendered":"Mentions l\u00e9gales"},"content":{"rendered":"<ul>\n<li>S\u00e9nev\u00e9 RH est une Soci\u00e9t\u00e9 par Actions Simplifi\u00e9e \u00e0 associ\u00e9 Unique (SASU).\n<ul>\n<li>Capital social : 3000\u20ac.<\/li>\n<li>Inscrite au registre du commerce et des soci\u00e9t\u00e9s de Versailles.<\/li>\n<li>Num\u00e9ro \u00a0d&#8217;identification : 831 627 989<\/li>\n<li>Num\u00e9ro SIRET : 831 627 989 00013<\/li>\n<li>Si\u00e8ge social : 115 bis rue Robert Villoing, 78500 Sartrouville<\/li>\n<li>Repr\u00e9sentant l\u00e9gal : Yann PORTEU de la MORANDIERE<\/li>\n<\/ul>\n<\/li>\n<\/ul>\n<p>&nbsp;<\/p>\n<ul>\n<li>Directeur de publication : Yann PORTEU de la MORANDIERE &#8211; 06 28 33 55 81 &#8211; y.porteu@seneve-rh.fr<\/li>\n<\/ul>\n<p>&nbsp;<\/p>\n<ul>\n<li>Ce site est h\u00e9berg\u00e9 par OVH, \u00a02 rue kellermann BP 80157 59053 ROUBAIX cedex 1 .<\/li>\n<\/ul>\n","protected":false},"excerpt":{"rendered":"<p>S\u00e9nev\u00e9 RH est une Soci\u00e9t\u00e9 par Actions Simplifi\u00e9e \u00e0 associ\u00e9 Unique (SASU). Capital social : 3000\u20ac. Inscrite au registre du commerce et des soci\u00e9t\u00e9s de &hellip;<\/p>\n","protected":false},"author":1,"featured_media":0,"parent":0,"menu_order":0,"comment_status":"closed","ping_status":"closed","template":"","meta":[],"_links":{"self":[{"href":"https:\/\/seneve-rh.fr\/index.php\/wp-json\/wp\/v2\/pages\/252"}],"collection":[{"href":"https:\/\/seneve-rh.fr\/index.php\/wp-json\/wp\/v2\/pages"}],"about":[{"href":"https:\/\/seneve-rh.fr\/index.php\/wp-json\/wp\/v2\/types\/page"}],"author":[{"embeddable":true,"href":"https:\/\/seneve-rh.fr\/index.php\/wp-json\/wp\/v2\/users\/1"}],"replies":[{"embeddable":true,"href":"https:\/\/seneve-rh.fr\/index.php\/wp-json\/wp\/v2\/comments?post=252"}],"version-history":[{"count":5,"href":"https:\/\/seneve-rh.fr\/index.php\/wp-json\/wp\/v2\/pages\/252\/revisions"}],"predecessor-version":[{"id":307,"href":"https:\/\/seneve-rh.fr\/index.php\/wp-json\/wp\/v2\/pages\/252\/revisions\/307"}],"wp:attachment":[{"href":"https:\/\/seneve-rh.fr\/index.php\/wp-json\/wp\/v2\/media?parent=252"}],"curies":[{"name":"wp","href":"https:\/\/api.w.org\/{rel}","templated":true}]}}